{"id":1292,"date":"2023-12-24T12:53:49","date_gmt":"2023-12-24T11:53:49","guid":{"rendered":"https:\/\/becko.tabletop-minis.de\/wp\/?page_id=1292"},"modified":"2025-12-10T15:49:41","modified_gmt":"2025-12-10T14:49:41","slug":"kristalle","status":"publish","type":"page","link":"https:\/\/becko.tabletop-minis.de\/wp\/kristalle\/","title":{"rendered":"Kristalle"},"content":{"rendered":"\n<p>Material:<\/p>\n\n\n\n<ul class=\"wp-block-list\">\n<li>Styrodurplatten aus dem Baumarkt<\/li>\n\n\n\n<li>Holzleim mit Pinsel<\/li>\n\n\n\n<li>Sand<\/li>\n\n\n\n<li>Acrylfarben (Blau, Schwarz und Wei\u00df)<\/li>\n\n\n\n<li>eine alte CD<\/li>\n\n\n\n<li>scharfes Messer<\/li>\n<\/ul>\n\n\n\n<h4 class=\"wp-block-heading\">1. Base<\/h4>\n\n\n\n<p>Als Base dient eine alte CD.<\/p>\n\n\n\n<h4 class=\"wp-block-heading\">2. Die Grundform der Kristalle<\/h4>\n\n\n\n<p>Aus Styrodur schneidet man mit einem scharfen Messer achteckige Kristalle aus und spitze diese nach oben hin an. Je 3-4 der Kristalle klebt man auf die CD.<\/p>\n\n\n\n<figure class=\"wp-block-gallery has-nested-images columns-default is-cropped wp-block-gallery-1 is-layout-flex wp-block-gallery-is-layout-flex\">\n<figure class=\"wp-block-image size-large\"><a href=\"https:\/\/becko.tabletop-minis.de\/Tipps\/Kristalle?action=dispimg&amp;im=tipps_kristalle_01.p.jpg\"><img loading=\"lazy\" decoding=\"async\" width=\"300\" height=\"400\" data-id=\"1294\" src=\"https:\/\/becko.tabletop-minis.de\/wp\/wp-content\/uploads\/2023\/12\/image-131.jpeg\" alt=\"\" class=\"wp-image-1294\" srcset=\"https:\/\/becko.tabletop-minis.de\/wp\/wp-content\/uploads\/2023\/12\/image-131.jpeg 300w, https:\/\/becko.tabletop-minis.de\/wp\/wp-content\/uploads\/2023\/12\/image-131-225x300.jpeg 225w\" sizes=\"auto, (max-width: 300px) 100vw, 300px\" \/><\/a><figcaption class=\"wp-element-caption\">Kristall Rohlinge aus Styrodur<\/figcaption><\/figure>\n\n\n\n<figure class=\"wp-block-image size-large\"><a href=\"https:\/\/becko.tabletop-minis.de\/Tipps\/Kristalle?action=dispimg&amp;im=tipps_kristalle_02.p.jpg\"><img loading=\"lazy\" decoding=\"async\" width=\"300\" height=\"400\" data-id=\"1295\" src=\"https:\/\/becko.tabletop-minis.de\/wp\/wp-content\/uploads\/2023\/12\/image-132.jpeg\" alt=\"\" class=\"wp-image-1295\" srcset=\"https:\/\/becko.tabletop-minis.de\/wp\/wp-content\/uploads\/2023\/12\/image-132.jpeg 300w, https:\/\/becko.tabletop-minis.de\/wp\/wp-content\/uploads\/2023\/12\/image-132-225x300.jpeg 225w\" sizes=\"auto, (max-width: 300px) 100vw, 300px\" \/><\/a><figcaption class=\"wp-element-caption\">auf der Base<\/figcaption><\/figure>\n<\/figure>\n\n\n\n<h4 class=\"wp-block-heading\">3. Sanden<\/h4>\n\n\n\n<p>Rund um die Kristalle wird die CD normale gesandet.<\/p>\n\n\n\n<h4 class=\"wp-block-heading\">4. Grundieren<\/h4>\n\n\n\n<p>Da Styrodur gegen die Treibgase in Grundiersprays nicht best\u00e4ndig ist, grundiert man die Rohlinge einfach mit schwarzer Abt\u00f6nfarbe.<\/p>\n\n\n\n<figure class=\"wp-block-image\"><a href=\"https:\/\/becko.tabletop-minis.de\/Tipps\/Kristalle?action=dispimg&amp;im=tipps_kristalle_03.p.jpg\"><img loading=\"lazy\" decoding=\"async\" width=\"300\" height=\"400\" src=\"https:\/\/becko.tabletop-minis.de\/wp\/wp-content\/uploads\/2023\/12\/image-133.jpeg\" alt=\"\" class=\"wp-image-1296\" srcset=\"https:\/\/becko.tabletop-minis.de\/wp\/wp-content\/uploads\/2023\/12\/image-133.jpeg 300w, https:\/\/becko.tabletop-minis.de\/wp\/wp-content\/uploads\/2023\/12\/image-133-225x300.jpeg 225w\" sizes=\"auto, (max-width: 300px) 100vw, 300px\" \/><\/a><\/figure>\n\n\n\n<h4 class=\"wp-block-heading\">5. Bemalen<\/h4>\n\n\n\n<p>Mit blauer Abt\u00f6nfarbe bemalt man die Kristalle. Durch aufhellen der blauen Farbe mit wei\u00dfer Abt\u00f6nfarbe kann man einen Farbverlauf auf den Kristallen erzeugen. Am Ende b\u00fcrstet man die Kristalle und den Boden vorsichtig mit wei\u00dfer Abt\u00f6nfarbe.<\/p>\n\n\n\n<figure class=\"wp-block-image\"><a href=\"https:\/\/becko.tabletop-minis.de\/Tipps\/Kristalle?action=dispimg&amp;im=tipps_kristalle_04.p.jpg\"><img loading=\"lazy\" decoding=\"async\" width=\"300\" height=\"400\" src=\"https:\/\/becko.tabletop-minis.de\/wp\/wp-content\/uploads\/2023\/12\/image-130.jpeg\" alt=\"\" class=\"wp-image-1293\" srcset=\"https:\/\/becko.tabletop-minis.de\/wp\/wp-content\/uploads\/2023\/12\/image-130.jpeg 300w, https:\/\/becko.tabletop-minis.de\/wp\/wp-content\/uploads\/2023\/12\/image-130-225x300.jpeg 225w\" sizes=\"auto, (max-width: 300px) 100vw, 300px\" \/><\/a><\/figure>\n","protected":false},"excerpt":{"rendered":"<p>Material: 1. Base Als Base dient eine alte CD. 2. Die Grundform der Kristalle Aus Styrodur schneidet man mit einem scharfen Messer achteckige Kristalle aus und spitze diese nach oben hin an. Je 3-4 der Kristalle klebt man auf die CD. 3. Sanden Rund um die Kristalle wird die CD normale gesandet. 4. Grundieren Da [&hellip;]<\/p>\n","protected":false},"author":1,"featured_media":0,"parent":0,"menu_order":0,"comment_status":"closed","ping_status":"closed","template":"","meta":{"ngg_post_thumbnail":0,"footnotes":""},"categories":[138,137,189],"tags":[106,190],"class_list":["post-1292","page","type-page","status-publish","hentry","category-gelaende","category-review","category-tipps","tag-gelaende","tag-tipps"],"_links":{"self":[{"href":"https:\/\/becko.tabletop-minis.de\/wp\/wp-json\/wp\/v2\/pages\/1292","targetHints":{"allow":["GET"]}}],"collection":[{"href":"https:\/\/becko.tabletop-minis.de\/wp\/wp-json\/wp\/v2\/pages"}],"about":[{"href":"https:\/\/becko.tabletop-minis.de\/wp\/wp-json\/wp\/v2\/types\/page"}],"author":[{"embeddable":true,"href":"https:\/\/becko.tabletop-minis.de\/wp\/wp-json\/wp\/v2\/users\/1"}],"replies":[{"embeddable":true,"href":"https:\/\/becko.tabletop-minis.de\/wp\/wp-json\/wp\/v2\/comments?post=1292"}],"version-history":[{"count":1,"href":"https:\/\/becko.tabletop-minis.de\/wp\/wp-json\/wp\/v2\/pages\/1292\/revisions"}],"predecessor-version":[{"id":5182,"href":"https:\/\/becko.tabletop-minis.de\/wp\/wp-json\/wp\/v2\/pages\/1292\/revisions\/5182"}],"wp:attachment":[{"href":"https:\/\/becko.tabletop-minis.de\/wp\/wp-json\/wp\/v2\/media?parent=1292"}],"wp:term":[{"taxonomy":"category","embeddable":true,"href":"https:\/\/becko.tabletop-minis.de\/wp\/wp-json\/wp\/v2\/categories?post=1292"},{"taxonomy":"post_tag","embeddable":true,"href":"https:\/\/becko.tabletop-minis.de\/wp\/wp-json\/wp\/v2\/tags?post=1292"}],"curies":[{"name":"wp","href":"https:\/\/api.w.org\/{rel}","templated":true}]}}