{"id":1126,"date":"2023-12-24T12:26:49","date_gmt":"2023-12-24T11:26:49","guid":{"rendered":"https:\/\/becko.tabletop-minis.de\/wp\/?page_id=1126"},"modified":"2025-12-10T16:07:32","modified_gmt":"2025-12-10T15:07:32","slug":"resinmodelle-reinigen","status":"publish","type":"page","link":"https:\/\/becko.tabletop-minis.de\/wp\/resinmodelle-reinigen\/","title":{"rendered":"Resinmodelle reinigen"},"content":{"rendered":"\n<p>Material:<\/p>\n\n\n\n<ul class=\"wp-block-list\">\n<li>Ultraschallbad<\/li>\n\n\n\n<li>handels\u00fcbliche Seife<\/li>\n<\/ul>\n\n\n\n<p>Resin Modelle von Forgeworld haben die Angewohnheit stark eingefettet zu sein. Dieses Fett ist ein R\u00fcckstand von der Herstellung der Modelle und wurde dort ben\u00f6tigt um sie aus den Formen wieder heraus zu bekommen.<br>Leider hat dieses Fetten zur Folge, dass Grundierungen oder Farben fast nicht an den Modellen halten oder bei geringer Ber\u00fchrung wieder abplatzen. Aber wer m\u00f6chte schon ein in vielen Stunden liebevoll bemaltes Modell in einer Vitrine verstauben lassen und es nicht ins Schlachtfeld f\u00fchren?<\/p>\n\n\n\n<p>Die L\u00f6sung f\u00fcr dieses Problem ist ein Ultraschallbad. So seltsam es sich auch anh\u00f6rt, aber mit dem Ultraschallbad lassen sich die Fettr\u00fcckst\u00e4nde auf den Resin Teilen sehr gut entfernen. Ein wenig Seife in das Wasser und das Resin Teil eine Zeit im Ultraschallbad lassen und schon sind die Fettr\u00fcckst\u00e4nde beseitigt.<\/p>\n\n\n\n<p>Forgeworld selbst empfiehlt beim Grundieren von Resinmodellen nicht die \u00fcbliche GW-Spr\u00fchgrundierung zu nehmen, sondern auf normale Autolackgrundierung zur\u00fcck zu greifen.<\/p>\n","protected":false},"excerpt":{"rendered":"<p>Material: Resin Modelle von Forgeworld haben die Angewohnheit stark eingefettet zu sein. Dieses Fett ist ein R\u00fcckstand von der Herstellung der Modelle und wurde dort ben\u00f6tigt um sie aus den Formen wieder heraus zu bekommen.Leider hat dieses Fetten zur Folge, dass Grundierungen oder Farben fast nicht an den Modellen halten oder bei geringer Ber\u00fchrung wieder [&hellip;]<\/p>\n","protected":false},"author":1,"featured_media":0,"parent":0,"menu_order":0,"comment_status":"closed","ping_status":"closed","template":"","meta":{"ngg_post_thumbnail":0,"footnotes":""},"categories":[189],"tags":[190],"class_list":["post-1126","page","type-page","status-publish","hentry","category-tipps","tag-tipps"],"_links":{"self":[{"href":"https:\/\/becko.tabletop-minis.de\/wp\/wp-json\/wp\/v2\/pages\/1126","targetHints":{"allow":["GET"]}}],"collection":[{"href":"https:\/\/becko.tabletop-minis.de\/wp\/wp-json\/wp\/v2\/pages"}],"about":[{"href":"https:\/\/becko.tabletop-minis.de\/wp\/wp-json\/wp\/v2\/types\/page"}],"author":[{"embeddable":true,"href":"https:\/\/becko.tabletop-minis.de\/wp\/wp-json\/wp\/v2\/users\/1"}],"replies":[{"embeddable":true,"href":"https:\/\/becko.tabletop-minis.de\/wp\/wp-json\/wp\/v2\/comments?post=1126"}],"version-history":[{"count":1,"href":"https:\/\/becko.tabletop-minis.de\/wp\/wp-json\/wp\/v2\/pages\/1126\/revisions"}],"predecessor-version":[{"id":5191,"href":"https:\/\/becko.tabletop-minis.de\/wp\/wp-json\/wp\/v2\/pages\/1126\/revisions\/5191"}],"wp:attachment":[{"href":"https:\/\/becko.tabletop-minis.de\/wp\/wp-json\/wp\/v2\/media?parent=1126"}],"wp:term":[{"taxonomy":"category","embeddable":true,"href":"https:\/\/becko.tabletop-minis.de\/wp\/wp-json\/wp\/v2\/categories?post=1126"},{"taxonomy":"post_tag","embeddable":true,"href":"https:\/\/becko.tabletop-minis.de\/wp\/wp-json\/wp\/v2\/tags?post=1126"}],"curies":[{"name":"wp","href":"https:\/\/api.w.org\/{rel}","templated":true}]}}